{"id":91,"date":"2023-05-05T19:30:23","date_gmt":"2023-05-05T17:30:23","guid":{"rendered":"https:\/\/www.in2greece.com\/swedish\/historymyth\/history\/?page_id=91"},"modified":"2023-05-05T19:30:23","modified_gmt":"2023-05-05T17:30:23","slug":"aspasia-2","status":"publish","type":"page","link":"https:\/\/www.antikensgrekland.se\/indexphp\/aspasia-2\/","title":{"rendered":"Aspasia"},"content":{"rendered":"\n<h2 class=\"wp-block-heading\">Aspasia, Perikles ber\u00f6mda fru<\/h2>\n\n\n<p><img loading=\"lazy\" decoding=\"async\" class=\"alignleft size-medium wp-image-92\" src=\"https:\/\/www.antikensgrekland.se\/wp-content\/uploads\/2023\/05\/aspasia-1-197x300.jpg\" alt=\"aspasia\" width=\"197\" height=\"300\" srcset=\"https:\/\/www.antikensgrekland.se\/wp-content\/uploads\/2023\/05\/aspasia-1-197x300.jpg 197w, https:\/\/www.antikensgrekland.se\/wp-content\/uploads\/2023\/05\/aspasia-1.jpg 269w\" sizes=\"auto, (max-width: 197px) 100vw, 197px\" \/>Den mest k\u00e4nda kvinnan i det antika Aten var Aspasia, f\u00f6ljeslagaren till den store ledaren f\u00f6r det demokratiska Aten, Perikles. Eftersom hon var kurtisan fick Perikles inte gifta sig med henne, men hon var p\u00e5 alla s\u00e4tt hans partner och en viktig atenare i sig.<\/p>\n<p>Aspasia var f\u00f6rmodligen en hetaira. Det finns inget engelskt ord f\u00f6r att korrekt \u00f6vers\u00e4tta hetairai, men de var mer \u00e4n kurtisaner. De var verkligen sexuella partners, men de var ocks\u00e5 f\u00f6ljeslagare, b\u00e4ttre utbildade \u00e4n andra grekiska kvinnor. De utbildades i filosofi, historia, politik, vetenskap, konst och litteratur, s\u00e5 att de kunde konversera intelligent med sofistikerade m\u00e4n. Aspasia ans\u00e5gs av m\u00e5nga vara den vackraste och mest intelligenta av stadens hetairai.<\/p>\n<p>F\u00f6dd i Joniska Grekland (idag, Turkiet), Aspasia (\u00f6nskade en) f\u00f6ddes som medborgare i Miletos, men var antingen f\u00f6r\u00e4ldral\u00f6s eller o\u00f6nskad. Det \u00e4r m\u00f6jligt att hennes far erbj\u00f6d henne till Afrodites tempel, ett hederv\u00e4rt s\u00e4tt att bli av med o\u00f6nskade kvinnliga barn, d\u00e4r de skulle tj\u00e4na Afrodite med sina kroppar. Eller s\u00e5 kan hon ha kommit till Aten som f\u00f6r\u00e4ldral\u00f6s n\u00e4r Alkibiades \u00e5terv\u00e4nde fr\u00e5n exil. Hon blev i alla fall kurtisan.<\/p>\n<p>Aspasia underh\u00f6ll de m\u00e4ktigaste m\u00e4nnen i Aten vid hennes symposier (middagsfester). \u00c4ven om m\u00e4n \u00f6ppet deltog i s\u00e5dana fester, gjorde inte fruar det. Kvinnorna p\u00e5 dessa fester var hetairai. Aspasias hus blev en fashionabel plats f\u00f6r eliten i Aten att g\u00e5 till.<\/p>\n<p>Perikles tr\u00e4ffade Aspasia och flyttade omedelbart in hos henne. Han kan ha skilt sig fr\u00e5n sin fru f\u00f6r att g\u00f6ra detta m\u00f6jligt men i alla h\u00e4ndelser levde de tillsammans som man och hustru tills Perikles dog av pesten. Stadens lagar f\u00f6rhindrade \u00e4ktenskap.<\/p>\n<p>Han levde med henne som hennes man och behandlade henne som en j\u00e4mst\u00e4lld. Detta var ol\u00e4mpligt f\u00f6r en respektabel man, och f\u00f6r en man av Perikles st\u00e4llning, obekant. Han kritiserades ofta f\u00f6r sitt f\u00f6rh\u00e5llande till Aspasia och f\u00f6r hans uppenbara tillit till hennes hj\u00e4lp och omd\u00f6me. Kvinnor var inte en del av det offentliga livet i Aten, och det fanns en plats f\u00f6r hetairai, men det var i sovrummet och matsalen, inte i politiken.<\/p>\n<p>Av allt att d\u00f6ma \u00e4lskade Perikles Aspasia med en passion som fick honom att \u00f6ppet strunta i s\u00e5dana konventioner. Plutarchus (Life of Pericles) och Athenaeus (The Deipnosophistae), som senare skrev om Perikles, kommenterade att han var s\u00e5 slagen att han kysste henne n\u00e4r han gick p\u00e5 morgonen och igen n\u00e4r han kom tillbaka p\u00e5 natten. Tydligen var detta en mycket ovanlig praxis.<\/p>\n<p>De hade en son tillsammans som hette Pericles, som p\u00e5 grund av deras olagliga f\u00f6rh\u00e5llande inte kunde vara medborgare (senare, efter att hans legitima s\u00f6ner hade d\u00f6tt i pesten, gjorde Pericles utan framg\u00e5ng en k\u00e4nslom\u00e4ssig v\u00e4djan till f\u00f6rsamlingen om att ge sin son medborgarskapsstatus &#8211; det var f\u00f6rst efter hans d\u00f6d som hans \u00f6nskan uppfylldes).<\/p>\n<p>Skvallret i Aten var alltid ondskefullt, och Perikles och Aspasia var popul\u00e4ra \u00e4mnen. De och deras o\u00e4kta son blev f\u00f6rl\u00f6jligade. Hon kallades bland annat en &#8221;hund\u00f6gd hora&#8221;. M\u00e5nga ans\u00e5g att Aspasia hade f\u00f6r stort inflytande p\u00e5 Perikles. En del anklagade henne f\u00f6r att ha \u00f6vertalat Perikles att g\u00e5 i krig med Samos f\u00f6r att hj\u00e4lpa sin hemland Miletos. Vissa anklagade henne till och med f\u00f6r kriget med Sparta (det Peloponnesiska kriget).<\/p>","protected":false},"excerpt":{"rendered":"<p>Aspasia, Perikles ber\u00f6mda fru Den mest k\u00e4nda kvinnan i det antika Aten var Aspasia, f\u00f6ljeslagaren till den store ledaren f\u00f6r det demokratiska Aten, Perikles. Eftersom hon var kurtisan fick Perikles inte gifta sig med henne, men hon var p\u00e5 alla s\u00e4tt hans partner och en viktig atenare i sig. Aspasia var f\u00f6rmodligen en hetaira. Det<br \/><a class=\"moretag\" href=\"https:\/\/www.antikensgrekland.se\/indexphp\/aspasia-2\/\">+ L\u00e4s Mer<\/a><\/p>\n","protected":false},"author":1,"featured_media":92,"parent":0,"menu_order":0,"comment_status":"closed","ping_status":"closed","template":"","meta":{"footnotes":""},"class_list":["post-91","page","type-page","status-publish","has-post-thumbnail","hentry"],"yoast_head":"<!-- This site is optimized with the Yoast SEO plugin v22.3 - https:\/\/yoast.com\/wordpress\/plugins\/seo\/ -->\n<title>Aspasia, Perikles ber\u00f6mda fru<\/title>\n<meta name=\"description\" content=\"Aspasia, f\u00f6ljeslagaren till den store ledaren f\u00f6r det demokratiska Aten, Perikles. Eftersom hon var kurtisan fick Perikles inte gifta sig med henne, men hon var p\u00e5 alla s\u00e4tt hans partner och en viktig atenare i sig.\" \/>\n<meta name=\"robots\" content=\"index, follow, max-snippet:-1, max-image-preview:large, max-video-preview:-1\" \/>\n<link rel=\"canonical\" href=\"https:\/\/www.antikensgrekland.se\/indexphp\/aspasia-2\/\" \/>\n<meta property=\"og:locale\" content=\"sv_SE\" \/>\n<meta property=\"og:type\" content=\"article\" \/>\n<meta property=\"og:title\" content=\"Aspasia, Perikles ber\u00f6mda fru\" \/>\n<meta property=\"og:description\" content=\"Aspasia, f\u00f6ljeslagaren till den store ledaren f\u00f6r det demokratiska Aten, Perikles. Eftersom hon var kurtisan fick Perikles inte gifta sig med henne, men hon var p\u00e5 alla s\u00e4tt hans partner och en viktig atenare i sig.\" \/>\n<meta property=\"og:url\" content=\"https:\/\/www.antikensgrekland.se\/indexphp\/aspasia-2\/\" \/>\n<meta property=\"og:site_name\" content=\"Antikens Grekland\" \/>\n<meta property=\"og:image\" content=\"https:\/\/www.antikensgrekland.se\/wp-content\/uploads\/2023\/05\/aspasia-1.jpg\" \/>\n\t<meta property=\"og:image:width\" content=\"269\" \/>\n\t<meta property=\"og:image:height\" content=\"410\" \/>\n\t<meta property=\"og:image:type\" content=\"image\/jpeg\" \/>\n<meta name=\"twitter:card\" content=\"summary_large_image\" \/>\n<meta name=\"twitter:label1\" content=\"Ber\u00e4knad l\u00e4stid\" \/>\n\t<meta name=\"twitter:data1\" content=\"3 minuter\" \/>\n<script type=\"application\/ld+json\" class=\"yoast-schema-graph\">{\"@context\":\"https:\/\/schema.org\",\"@graph\":[{\"@type\":\"WebPage\",\"@id\":\"https:\/\/www.antikensgrekland.se\/indexphp\/aspasia-2\/\",\"url\":\"https:\/\/www.antikensgrekland.se\/indexphp\/aspasia-2\/\",\"name\":\"Aspasia, Perikles ber\u00f6mda fru\",\"isPartOf\":{\"@id\":\"https:\/\/www.antikensgrekland.se\/#website\"},\"primaryImageOfPage\":{\"@id\":\"https:\/\/www.antikensgrekland.se\/indexphp\/aspasia-2\/#primaryimage\"},\"image\":{\"@id\":\"https:\/\/www.antikensgrekland.se\/indexphp\/aspasia-2\/#primaryimage\"},\"thumbnailUrl\":\"https:\/\/www.antikensgrekland.se\/wp-content\/uploads\/2023\/05\/aspasia-1.jpg\",\"datePublished\":\"2023-05-05T17:30:23+00:00\",\"dateModified\":\"2023-05-05T17:30:23+00:00\",\"description\":\"Aspasia, f\u00f6ljeslagaren till den store ledaren f\u00f6r det demokratiska Aten, Perikles. Eftersom hon var kurtisan fick Perikles inte gifta sig med henne, men hon var p\u00e5 alla s\u00e4tt hans partner och en viktig atenare i sig.\",\"breadcrumb\":{\"@id\":\"https:\/\/www.antikensgrekland.se\/indexphp\/aspasia-2\/#breadcrumb\"},\"inLanguage\":\"sv-SE\",\"potentialAction\":[{\"@type\":\"ReadAction\",\"target\":[\"https:\/\/www.antikensgrekland.se\/indexphp\/aspasia-2\/\"]}]},{\"@type\":\"ImageObject\",\"inLanguage\":\"sv-SE\",\"@id\":\"https:\/\/www.antikensgrekland.se\/indexphp\/aspasia-2\/#primaryimage\",\"url\":\"https:\/\/www.antikensgrekland.se\/wp-content\/uploads\/2023\/05\/aspasia-1.jpg\",\"contentUrl\":\"https:\/\/www.antikensgrekland.se\/wp-content\/uploads\/2023\/05\/aspasia-1.jpg\",\"width\":269,\"height\":410,\"caption\":\"aspasia\"},{\"@type\":\"BreadcrumbList\",\"@id\":\"https:\/\/www.antikensgrekland.se\/indexphp\/aspasia-2\/#breadcrumb\",\"itemListElement\":[{\"@type\":\"ListItem\",\"position\":1,\"name\":\"Startseite\",\"item\":\"https:\/\/www.antikensgrekland.se\/\"},{\"@type\":\"ListItem\",\"position\":2,\"name\":\"Aspasia\"}]},{\"@type\":\"WebSite\",\"@id\":\"https:\/\/www.antikensgrekland.se\/#website\",\"url\":\"https:\/\/www.antikensgrekland.se\/\",\"name\":\"Antikens Grekland\",\"description\":\"Kultur, Historia och Samh\u00e4lle\",\"potentialAction\":[{\"@type\":\"SearchAction\",\"target\":{\"@type\":\"EntryPoint\",\"urlTemplate\":\"https:\/\/www.antikensgrekland.se\/?s={search_term_string}\"},\"query-input\":\"required name=search_term_string\"}],\"inLanguage\":\"sv-SE\"}]}<\/script>\n<!-- \/ Yoast SEO plugin. -->","yoast_head_json":{"title":"Aspasia, Perikles ber\u00f6mda fru","description":"Aspasia, f\u00f6ljeslagaren till den store ledaren f\u00f6r det demokratiska Aten, Perikles. Eftersom hon var kurtisan fick Perikles inte gifta sig med henne, men hon var p\u00e5 alla s\u00e4tt hans partner och en viktig atenare i sig.","robots":{"index":"index","follow":"follow","max-snippet":"max-snippet:-1","max-image-preview":"max-image-preview:large","max-video-preview":"max-video-preview:-1"},"canonical":"https:\/\/www.antikensgrekland.se\/indexphp\/aspasia-2\/","og_locale":"sv_SE","og_type":"article","og_title":"Aspasia, Perikles ber\u00f6mda fru","og_description":"Aspasia, f\u00f6ljeslagaren till den store ledaren f\u00f6r det demokratiska Aten, Perikles. Eftersom hon var kurtisan fick Perikles inte gifta sig med henne, men hon var p\u00e5 alla s\u00e4tt hans partner och en viktig atenare i sig.","og_url":"https:\/\/www.antikensgrekland.se\/indexphp\/aspasia-2\/","og_site_name":"Antikens Grekland","og_image":[{"width":269,"height":410,"url":"https:\/\/www.antikensgrekland.se\/wp-content\/uploads\/2023\/05\/aspasia-1.jpg","type":"image\/jpeg"}],"twitter_card":"summary_large_image","twitter_misc":{"Ber\u00e4knad l\u00e4stid":"3 minuter"},"schema":{"@context":"https:\/\/schema.org","@graph":[{"@type":"WebPage","@id":"https:\/\/www.antikensgrekland.se\/indexphp\/aspasia-2\/","url":"https:\/\/www.antikensgrekland.se\/indexphp\/aspasia-2\/","name":"Aspasia, Perikles ber\u00f6mda fru","isPartOf":{"@id":"https:\/\/www.antikensgrekland.se\/#website"},"primaryImageOfPage":{"@id":"https:\/\/www.antikensgrekland.se\/indexphp\/aspasia-2\/#primaryimage"},"image":{"@id":"https:\/\/www.antikensgrekland.se\/indexphp\/aspasia-2\/#primaryimage"},"thumbnailUrl":"https:\/\/www.antikensgrekland.se\/wp-content\/uploads\/2023\/05\/aspasia-1.jpg","datePublished":"2023-05-05T17:30:23+00:00","dateModified":"2023-05-05T17:30:23+00:00","description":"Aspasia, f\u00f6ljeslagaren till den store ledaren f\u00f6r det demokratiska Aten, Perikles. Eftersom hon var kurtisan fick Perikles inte gifta sig med henne, men hon var p\u00e5 alla s\u00e4tt hans partner och en viktig atenare i sig.","breadcrumb":{"@id":"https:\/\/www.antikensgrekland.se\/indexphp\/aspasia-2\/#breadcrumb"},"inLanguage":"sv-SE","potentialAction":[{"@type":"ReadAction","target":["https:\/\/www.antikensgrekland.se\/indexphp\/aspasia-2\/"]}]},{"@type":"ImageObject","inLanguage":"sv-SE","@id":"https:\/\/www.antikensgrekland.se\/indexphp\/aspasia-2\/#primaryimage","url":"https:\/\/www.antikensgrekland.se\/wp-content\/uploads\/2023\/05\/aspasia-1.jpg","contentUrl":"https:\/\/www.antikensgrekland.se\/wp-content\/uploads\/2023\/05\/aspasia-1.jpg","width":269,"height":410,"caption":"aspasia"},{"@type":"BreadcrumbList","@id":"https:\/\/www.antikensgrekland.se\/indexphp\/aspasia-2\/#breadcrumb","itemListElement":[{"@type":"ListItem","position":1,"name":"Startseite","item":"https:\/\/www.antikensgrekland.se\/"},{"@type":"ListItem","position":2,"name":"Aspasia"}]},{"@type":"WebSite","@id":"https:\/\/www.antikensgrekland.se\/#website","url":"https:\/\/www.antikensgrekland.se\/","name":"Antikens Grekland","description":"Kultur, Historia och Samh\u00e4lle","potentialAction":[{"@type":"SearchAction","target":{"@type":"EntryPoint","urlTemplate":"https:\/\/www.antikensgrekland.se\/?s={search_term_string}"},"query-input":"required name=search_term_string"}],"inLanguage":"sv-SE"}]}},"_links":{"self":[{"href":"https:\/\/www.antikensgrekland.se\/index.php\/wp-json\/wp\/v2\/pages\/91","targetHints":{"allow":["GET"]}}],"collection":[{"href":"https:\/\/www.antikensgrekland.se\/index.php\/wp-json\/wp\/v2\/pages"}],"about":[{"href":"https:\/\/www.antikensgrekland.se\/index.php\/wp-json\/wp\/v2\/types\/page"}],"author":[{"embeddable":true,"href":"https:\/\/www.antikensgrekland.se\/index.php\/wp-json\/wp\/v2\/users\/1"}],"replies":[{"embeddable":true,"href":"https:\/\/www.antikensgrekland.se\/index.php\/wp-json\/wp\/v2\/comments?post=91"}],"version-history":[{"count":0,"href":"https:\/\/www.antikensgrekland.se\/index.php\/wp-json\/wp\/v2\/pages\/91\/revisions"}],"wp:featuredmedia":[{"embeddable":true,"href":"https:\/\/www.antikensgrekland.se\/index.php\/wp-json\/wp\/v2\/media\/92"}],"wp:attachment":[{"href":"https:\/\/www.antikensgrekland.se\/index.php\/wp-json\/wp\/v2\/media?parent=91"}],"curies":[{"name":"wp","href":"https:\/\/api.w.org\/{rel}","templated":true}]}}