{"id":70,"date":"2023-04-27T10:47:25","date_gmt":"2023-04-27T08:47:25","guid":{"rendered":"https:\/\/www.in2greece.com\/swedish\/historymyth\/history\/?page_id=70"},"modified":"2023-04-27T10:47:25","modified_gmt":"2023-04-27T08:47:25","slug":"pausanias-2","status":"publish","type":"page","link":"https:\/\/www.antikensgrekland.se\/indexphp\/pausanias-2\/","title":{"rendered":"Pausanias"},"content":{"rendered":"\n<h2 class=\"wp-block-heading\">Pausanias (143\u2013176) grekisk resen\u00e4r och geograf<\/h2>\n\n\n<p><img loading=\"lazy\" decoding=\"async\" class=\"alignleft size-medium wp-image-71\" src=\"https:\/\/www.antikensgrekland.se\/wp-content\/uploads\/2023\/04\/pausanias-1-227x300.png\" alt=\"pausanias\" width=\"227\" height=\"300\" srcset=\"https:\/\/www.antikensgrekland.se\/wp-content\/uploads\/2023\/04\/pausanias-1-227x300.png 227w, https:\/\/www.antikensgrekland.se\/wp-content\/uploads\/2023\/04\/pausanias-1.png 300w\" sizes=\"auto, (max-width: 227px) 100vw, 227px\" \/>Pausanias, (143\u2013176) , han var en grekisk resen\u00e4r och geograf vars Periegesis Hellados (beskrivning av Grekland) \u00e4r en ov\u00e4rderlig guide till antikens v\u00e4rld.<\/p>\n<p>Innan han bes\u00f6kte Grekland hade Pausanias rest mycket i Mindre Asien, Syrien, Palestina, Egypten, Makedonien, Epirus (nu i Grekland och Albanien) och delar av Italien. Hans beskrivning har formen av en rundtur i Grekland med start fr\u00e5n Attika. Den \u00e4r uppdelad i 10 b\u00f6cker; den f\u00f6rsta boken tycks vara f\u00e4rdig efter 143, men f\u00f6re 161. Ingen h\u00e4ndelse efter 176 n\u00e4mns i verket.<\/p>\n<p>Hans redog\u00f6relse f\u00f6r varje viktig stad b\u00f6rjar med en skiss \u00f6ver dess historia; hans beskrivande ber\u00e4ttande f\u00f6ljer en topografisk ordning. Han ger n\u00e5gra glimtar av inv\u00e5narnas dagliga liv, ceremoniella riter och vidskepliga seder och introducerar ofta legender och folklore.<\/p>\n<p>Konstverk \u00e4r hans st\u00f6rsta angel\u00e4genhet: inspirerad av Greklands antika glans \u00e4r Pausanias mest hemma n\u00e4r han beskriver den religi\u00f6sa konsten och arkitekturen i Olympia och Delfi. I Aten \u00e4r han fascinerad av bilder, portr\u00e4tt och inskriptioner som registrerar Solons lagar; p\u00e5 Akropolis, den stora guld- och elfenbensstatyn av Athena; och utanf\u00f6r staden, monument av k\u00e4nda m\u00e4n och atenare stupade i strid. Riktigheten i hans beskrivningar har bevisats av resterna av byggnader i alla delar av Grekland.<\/p>\n<p>Den topografiska delen av hans arbete visar hans f\u00f6rk\u00e4rlek f\u00f6r naturens under: tecknen som f\u00f6reb\u00e5dar n\u00e4rmandet av en jordb\u00e4vning; tidvattnet; de isbundna haven i norr; och middagssolen, som vid sommarsolst\u00e5ndet inte kastar n\u00e5gon skugga i Syene (Asw\u0101n), Egypten.<\/p>\n<p>Den ber\u00f6mda antropologen och klassiska forskaren Sir James Frazer sa om Pausanias: &#8221;utan honom skulle Greklands ruiner till st\u00f6rsta delen vara en labyrint utan en aning, en g\u00e5ta utan svar.&#8221;<\/p>","protected":false},"excerpt":{"rendered":"<p>Pausanias (143\u2013176) grekisk resen\u00e4r och geograf Pausanias, (143\u2013176) , han var en grekisk resen\u00e4r och geograf vars Periegesis Hellados (beskrivning av Grekland) \u00e4r en ov\u00e4rderlig guide till antikens v\u00e4rld. Innan han bes\u00f6kte Grekland hade Pausanias rest mycket i Mindre Asien, Syrien, Palestina, Egypten, Makedonien, Epirus (nu i Grekland och Albanien) och delar av Italien. Hans<br \/><a class=\"moretag\" href=\"https:\/\/www.antikensgrekland.se\/indexphp\/pausanias-2\/\">+ L\u00e4s Mer<\/a><\/p>\n","protected":false},"author":1,"featured_media":71,"parent":0,"menu_order":0,"comment_status":"closed","ping_status":"closed","template":"","meta":{"footnotes":""},"class_list":["post-70","page","type-page","status-publish","has-post-thumbnail","hentry"],"yoast_head":"<!-- This site is optimized with the Yoast SEO plugin v22.3 - https:\/\/yoast.com\/wordpress\/plugins\/seo\/ -->\n<title>Pausanias (143\u2013176) Antikes Grekland<\/title>\n<meta name=\"description\" content=\"Pausanias, (143\u2013176) , han var en grekisk resen\u00e4r och geograf vars Periegesis Hellados (beskrivning av Grekland) \u00e4r en ov\u00e4rderlig guide till antikens v\u00e4rld.\" \/>\n<meta name=\"robots\" content=\"index, follow, max-snippet:-1, max-image-preview:large, max-video-preview:-1\" \/>\n<link rel=\"canonical\" href=\"https:\/\/www.antikensgrekland.se\/indexphp\/pausanias-2\/\" \/>\n<meta property=\"og:locale\" content=\"sv_SE\" \/>\n<meta property=\"og:type\" content=\"article\" \/>\n<meta property=\"og:title\" content=\"Pausanias (143\u2013176) Antikes Grekland\" \/>\n<meta property=\"og:description\" content=\"Pausanias, (143\u2013176) , han var en grekisk resen\u00e4r och geograf vars Periegesis Hellados (beskrivning av Grekland) \u00e4r en ov\u00e4rderlig guide till antikens v\u00e4rld.\" \/>\n<meta property=\"og:url\" content=\"https:\/\/www.antikensgrekland.se\/indexphp\/pausanias-2\/\" \/>\n<meta property=\"og:site_name\" content=\"Antikens Grekland\" \/>\n<meta property=\"og:image\" content=\"https:\/\/www.antikensgrekland.se\/wp-content\/uploads\/2023\/04\/pausanias-1.png\" \/>\n\t<meta property=\"og:image:width\" content=\"300\" \/>\n\t<meta property=\"og:image:height\" content=\"396\" \/>\n\t<meta property=\"og:image:type\" content=\"image\/png\" \/>\n<meta name=\"twitter:card\" content=\"summary_large_image\" \/>\n<meta name=\"twitter:label1\" content=\"Ber\u00e4knad l\u00e4stid\" \/>\n\t<meta name=\"twitter:data1\" content=\"2 minuter\" \/>\n<script type=\"application\/ld+json\" class=\"yoast-schema-graph\">{\"@context\":\"https:\/\/schema.org\",\"@graph\":[{\"@type\":\"WebPage\",\"@id\":\"https:\/\/www.antikensgrekland.se\/indexphp\/pausanias-2\/\",\"url\":\"https:\/\/www.antikensgrekland.se\/indexphp\/pausanias-2\/\",\"name\":\"Pausanias (143\u2013176) Antikes Grekland\",\"isPartOf\":{\"@id\":\"https:\/\/www.antikensgrekland.se\/#website\"},\"primaryImageOfPage\":{\"@id\":\"https:\/\/www.antikensgrekland.se\/indexphp\/pausanias-2\/#primaryimage\"},\"image\":{\"@id\":\"https:\/\/www.antikensgrekland.se\/indexphp\/pausanias-2\/#primaryimage\"},\"thumbnailUrl\":\"https:\/\/www.antikensgrekland.se\/wp-content\/uploads\/2023\/04\/pausanias-1.png\",\"datePublished\":\"2023-04-27T08:47:25+00:00\",\"dateModified\":\"2023-04-27T08:47:25+00:00\",\"description\":\"Pausanias, (143\u2013176) , han var en grekisk resen\u00e4r och geograf vars Periegesis Hellados (beskrivning av Grekland) \u00e4r en ov\u00e4rderlig guide till antikens v\u00e4rld.\",\"breadcrumb\":{\"@id\":\"https:\/\/www.antikensgrekland.se\/indexphp\/pausanias-2\/#breadcrumb\"},\"inLanguage\":\"sv-SE\",\"potentialAction\":[{\"@type\":\"ReadAction\",\"target\":[\"https:\/\/www.antikensgrekland.se\/indexphp\/pausanias-2\/\"]}]},{\"@type\":\"ImageObject\",\"inLanguage\":\"sv-SE\",\"@id\":\"https:\/\/www.antikensgrekland.se\/indexphp\/pausanias-2\/#primaryimage\",\"url\":\"https:\/\/www.antikensgrekland.se\/wp-content\/uploads\/2023\/04\/pausanias-1.png\",\"contentUrl\":\"https:\/\/www.antikensgrekland.se\/wp-content\/uploads\/2023\/04\/pausanias-1.png\",\"width\":300,\"height\":396,\"caption\":\"pausanias\"},{\"@type\":\"BreadcrumbList\",\"@id\":\"https:\/\/www.antikensgrekland.se\/indexphp\/pausanias-2\/#breadcrumb\",\"itemListElement\":[{\"@type\":\"ListItem\",\"position\":1,\"name\":\"Startseite\",\"item\":\"https:\/\/www.antikensgrekland.se\/\"},{\"@type\":\"ListItem\",\"position\":2,\"name\":\"Pausanias\"}]},{\"@type\":\"WebSite\",\"@id\":\"https:\/\/www.antikensgrekland.se\/#website\",\"url\":\"https:\/\/www.antikensgrekland.se\/\",\"name\":\"Antikens Grekland\",\"description\":\"Kultur, Historia och Samh\u00e4lle\",\"potentialAction\":[{\"@type\":\"SearchAction\",\"target\":{\"@type\":\"EntryPoint\",\"urlTemplate\":\"https:\/\/www.antikensgrekland.se\/?s={search_term_string}\"},\"query-input\":\"required name=search_term_string\"}],\"inLanguage\":\"sv-SE\"}]}<\/script>\n<!-- \/ Yoast SEO plugin. -->","yoast_head_json":{"title":"Pausanias (143\u2013176) Antikes Grekland","description":"Pausanias, (143\u2013176) , han var en grekisk resen\u00e4r och geograf vars Periegesis Hellados (beskrivning av Grekland) \u00e4r en ov\u00e4rderlig guide till antikens v\u00e4rld.","robots":{"index":"index","follow":"follow","max-snippet":"max-snippet:-1","max-image-preview":"max-image-preview:large","max-video-preview":"max-video-preview:-1"},"canonical":"https:\/\/www.antikensgrekland.se\/indexphp\/pausanias-2\/","og_locale":"sv_SE","og_type":"article","og_title":"Pausanias (143\u2013176) Antikes Grekland","og_description":"Pausanias, (143\u2013176) , han var en grekisk resen\u00e4r och geograf vars Periegesis Hellados (beskrivning av Grekland) \u00e4r en ov\u00e4rderlig guide till antikens v\u00e4rld.","og_url":"https:\/\/www.antikensgrekland.se\/indexphp\/pausanias-2\/","og_site_name":"Antikens Grekland","og_image":[{"width":300,"height":396,"url":"https:\/\/www.antikensgrekland.se\/wp-content\/uploads\/2023\/04\/pausanias-1.png","type":"image\/png"}],"twitter_card":"summary_large_image","twitter_misc":{"Ber\u00e4knad l\u00e4stid":"2 minuter"},"schema":{"@context":"https:\/\/schema.org","@graph":[{"@type":"WebPage","@id":"https:\/\/www.antikensgrekland.se\/indexphp\/pausanias-2\/","url":"https:\/\/www.antikensgrekland.se\/indexphp\/pausanias-2\/","name":"Pausanias (143\u2013176) Antikes Grekland","isPartOf":{"@id":"https:\/\/www.antikensgrekland.se\/#website"},"primaryImageOfPage":{"@id":"https:\/\/www.antikensgrekland.se\/indexphp\/pausanias-2\/#primaryimage"},"image":{"@id":"https:\/\/www.antikensgrekland.se\/indexphp\/pausanias-2\/#primaryimage"},"thumbnailUrl":"https:\/\/www.antikensgrekland.se\/wp-content\/uploads\/2023\/04\/pausanias-1.png","datePublished":"2023-04-27T08:47:25+00:00","dateModified":"2023-04-27T08:47:25+00:00","description":"Pausanias, (143\u2013176) , han var en grekisk resen\u00e4r och geograf vars Periegesis Hellados (beskrivning av Grekland) \u00e4r en ov\u00e4rderlig guide till antikens v\u00e4rld.","breadcrumb":{"@id":"https:\/\/www.antikensgrekland.se\/indexphp\/pausanias-2\/#breadcrumb"},"inLanguage":"sv-SE","potentialAction":[{"@type":"ReadAction","target":["https:\/\/www.antikensgrekland.se\/indexphp\/pausanias-2\/"]}]},{"@type":"ImageObject","inLanguage":"sv-SE","@id":"https:\/\/www.antikensgrekland.se\/indexphp\/pausanias-2\/#primaryimage","url":"https:\/\/www.antikensgrekland.se\/wp-content\/uploads\/2023\/04\/pausanias-1.png","contentUrl":"https:\/\/www.antikensgrekland.se\/wp-content\/uploads\/2023\/04\/pausanias-1.png","width":300,"height":396,"caption":"pausanias"},{"@type":"BreadcrumbList","@id":"https:\/\/www.antikensgrekland.se\/indexphp\/pausanias-2\/#breadcrumb","itemListElement":[{"@type":"ListItem","position":1,"name":"Startseite","item":"https:\/\/www.antikensgrekland.se\/"},{"@type":"ListItem","position":2,"name":"Pausanias"}]},{"@type":"WebSite","@id":"https:\/\/www.antikensgrekland.se\/#website","url":"https:\/\/www.antikensgrekland.se\/","name":"Antikens Grekland","description":"Kultur, Historia och Samh\u00e4lle","potentialAction":[{"@type":"SearchAction","target":{"@type":"EntryPoint","urlTemplate":"https:\/\/www.antikensgrekland.se\/?s={search_term_string}"},"query-input":"required name=search_term_string"}],"inLanguage":"sv-SE"}]}},"_links":{"self":[{"href":"https:\/\/www.antikensgrekland.se\/index.php\/wp-json\/wp\/v2\/pages\/70","targetHints":{"allow":["GET"]}}],"collection":[{"href":"https:\/\/www.antikensgrekland.se\/index.php\/wp-json\/wp\/v2\/pages"}],"about":[{"href":"https:\/\/www.antikensgrekland.se\/index.php\/wp-json\/wp\/v2\/types\/page"}],"author":[{"embeddable":true,"href":"https:\/\/www.antikensgrekland.se\/index.php\/wp-json\/wp\/v2\/users\/1"}],"replies":[{"embeddable":true,"href":"https:\/\/www.antikensgrekland.se\/index.php\/wp-json\/wp\/v2\/comments?post=70"}],"version-history":[{"count":0,"href":"https:\/\/www.antikensgrekland.se\/index.php\/wp-json\/wp\/v2\/pages\/70\/revisions"}],"wp:featuredmedia":[{"embeddable":true,"href":"https:\/\/www.antikensgrekland.se\/index.php\/wp-json\/wp\/v2\/media\/71"}],"wp:attachment":[{"href":"https:\/\/www.antikensgrekland.se\/index.php\/wp-json\/wp\/v2\/media?parent=70"}],"curies":[{"name":"wp","href":"https:\/\/api.w.org\/{rel}","templated":true}]}}