{"id":203,"date":"2023-09-01T10:39:41","date_gmt":"2023-09-01T08:39:41","guid":{"rendered":"https:\/\/www.antikensgrekland.se\/?page_id=203"},"modified":"2023-09-01T10:39:43","modified_gmt":"2023-09-01T08:39:43","slug":"antikens-grekland","status":"publish","type":"page","link":"https:\/\/www.antikensgrekland.se\/","title":{"rendered":"Antikens Grekland"},"content":{"rendered":"\n<h2 class=\"wp-block-heading\">Antikens Grekland: Kultur, Historia och Samh\u00e4lle<\/h2>\n\n\n<p><img loading=\"lazy\" decoding=\"async\" class=\"size-medium wp-image-204 alignleft\" src=\"https:\/\/www.antikensgrekland.se\/wp-content\/uploads\/2023\/09\/Antikens-Grekland-300x224.jpg\" alt=\"Antikens-Grekland\" width=\"300\" height=\"224\" srcset=\"https:\/\/www.antikensgrekland.se\/wp-content\/uploads\/2023\/09\/Antikens-Grekland-300x224.jpg 300w, https:\/\/www.antikensgrekland.se\/wp-content\/uploads\/2023\/09\/Antikens-Grekland.jpg 381w\" sizes=\"auto, (max-width: 300px) 100vw, 300px\" \/>Antikens Grekland \u00e4r utan tvekan de mest fantastiska, efter att ha l\u00e4mnat efter sig en m\u00e4ngd id\u00e9er, koncept och konst f\u00f6r att utg\u00f6ra grunden f\u00f6r vad vi kallar v\u00e4sterl\u00e4ndsk civilisation.<\/p>\n<p>De tv\u00e5 f\u00f6reg\u00e5ende \u00e5rtusendena som ledde till dessa forntida epoker, liksom de andra tv\u00e5 \u00e5rtusenden som eftertr\u00e4dde dem, \u00e4r alla en del av Greklands historia och har l\u00e4mnat lika rika kulturellt fotavtryck p\u00e5 landet.<\/p>\n<p>Mycket av den antika grekiska civilisationen har \u00f6verlevt antingen direkt eller genom f\u00f6r\u00e4ndringar till v\u00e5ra dagar. De antika grekiska dialekterna \u00e4r inflytelserika \u00e4n i dag med mycket grekiskt ordf\u00f6rr\u00e5d inb\u00e4ddat i de moderna grekiska och engelska spr\u00e5ken.<\/p>\n<p>Likas\u00e5 har konsten och arkitekturen i det antika Grekland f\u00f6rblivit relevant och inflytelserik fram till v\u00e5r tid i det v\u00e4sterl\u00e4ndska samh\u00e4llets bredd. Den mycket hyllade ren\u00e4ssansen styrdes till stor del av \u00e5teruppt\u00e4ckten av de antika grekiska id\u00e9erna genom text och konst, som hittills undertryckts av tron p\u00e5 den \u00f6vernaturliga maktens och kyrkans absoluta auktoritet.<\/p>\n<p><img loading=\"lazy\" decoding=\"async\" class=\"alignleft size-medium wp-image-205\" src=\"https:\/\/www.antikensgrekland.se\/wp-content\/uploads\/2023\/09\/herodotus-300x256.jpg\" alt=\"herodotus\" width=\"300\" height=\"256\" srcset=\"https:\/\/www.antikensgrekland.se\/wp-content\/uploads\/2023\/09\/herodotus-300x256.jpg 300w, https:\/\/www.antikensgrekland.se\/wp-content\/uploads\/2023\/09\/herodotus.jpg 351w\" sizes=\"auto, (max-width: 300px) 100vw, 300px\" \/>Herodotus (484 \u2013 425 ff.Kr) anses vara historiens fader, eftersom han var den f\u00f6rste som f\u00f6rs\u00f6kte registrera h\u00e4ndelser och m\u00e4nskliga handlingar i det enda syftet att bevara dem f\u00f6r framtida generationer. De allra f\u00f6rsta raderna i hans Historier lyder: Herodotus fr\u00e5n Halikarnassus visar h\u00e4r sin unders\u00f6kning, s\u00e5 att m\u00e4nskliga prestationer inte ska gl\u00f6mmas bort i tid, och stora och f\u00f6runderliga g\u00e4rningar,\u00a0 vissa uppvisade av greker, andra av barbarer, kanske inte \u00e4r utan sin \u00e4ra ;\u201d . Eftersom Herodotus var den f\u00f6rsta som f\u00f6rs\u00f6kte sig p\u00e5 en s\u00e5dan bedrift, var han inte f\u00f6rskonad fr\u00e5n h\u00e5rd kritik f\u00f6r att ha inkluderat myter, legender och uppr\u00f6rande ber\u00e4ttelser i sina Historier (skrivna mellan 431 och 435 f.Kr.).<\/p>\n<p>Inte mycket senare \u00e4n Herodotos satte Thukydides (460 \u2013 395 f.v.t.) med sin historia om det peloponnesiska kriget sin egen pr\u00e4gel p\u00e5 historiens disciplin genom att f\u00f6rs\u00f6ka presentera historien p\u00e5 ett &#8221;objektivt&#8221; s\u00e4tt, och g\u00f6ra samband mellan m\u00e4nskliga handlingar och evenemang. Deras tillv\u00e4gag\u00e5ngss\u00e4tt och metoder f\u00f6r att registrera historiska h\u00e4ndelser blev ledstj\u00e4rnan f\u00f6r historiker under de kommande tv\u00e5 tusen \u00e5ren.<\/p>\n\n<p><img loading=\"lazy\" decoding=\"async\" class=\"alignleft size-medium wp-image-206\" src=\"https:\/\/www.antikensgrekland.se\/wp-content\/uploads\/2023\/09\/Antikens-Grekland1-300x214.jpg\" alt=\"Antikens-Grekland1\" width=\"300\" height=\"214\" srcset=\"https:\/\/www.antikensgrekland.se\/wp-content\/uploads\/2023\/09\/Antikens-Grekland1-300x214.jpg 300w, https:\/\/www.antikensgrekland.se\/wp-content\/uploads\/2023\/09\/Antikens-Grekland1.jpg 380w\" sizes=\"auto, (max-width: 300px) 100vw, 300px\" \/>De f\u00f6rsta grekisktalande folken tros ha migrerat till Balkanhalv\u00f6n strax f\u00f6re 2200 f. Kr, under den egeiska brons\u00e5ldern. Deras ankomst vittnas av tecken p\u00e5 v\u00e5ldsam f\u00f6rst\u00f6relse i n\u00e4rheten av Argos, framf\u00f6r allt vid Lerna. \u00c5r 1500 hade deras \u00e4ttlingar p\u00e5 det grekiska fastlandet etablerat en civilisation som n\u00e5dde s\u00e5 l\u00e5ngt som till Rhodos och var i kontakt med riken i Fr\u00e4mre \u00d6stern.<\/p>\n<p>Mykenerna, som dessa m\u00e4nniskor \u00e4r k\u00e4nda, var mycket influerade av de minoiska kretensarna, vars betydelse kom ih\u00e5g i s\u00e5dana myter som ber\u00e4ttelser om kung Minos och Theseus av Aten. Vid mitten av 1400-talet hade Knossos, Kretas st\u00f6rsta stad, fallit i mykenska h\u00e4nder, vilket \u00e4r k\u00e4nt fr\u00e5n uppt\u00e4ckten i Knossos palats av lertavlor inskrivna i Linear B, en tidig grekisk skrift. Knossos f\u00f6rst\u00f6rdes omkring 1400; andra kretensiska st\u00e4der hade f\u00f6rst\u00f6rts ungef\u00e4r ett sekel tidigare.<\/p>\n<p>Arkeologiska l\u00e4mningar visar att Grekland har haft en l\u00e5ng f\u00f6rhistoria, med anor fr\u00e5n yngre sten\u00e5ldern (4000 f.Kr.). Med brons\u00e5ldern (2800 f.Kr.) utvecklades viktiga kulturer. Faktum \u00e4r att den egeiska civilisationen hade flera faser, tv\u00e5 av de viktigaste var den minoiska civilisationen och den mykenska civilisationen.<\/p>\n<p>Dessa kulturer f\u00f6rsvann 1100 f.Kr. medan de grekisktalande akaerna migrerade till Peloponnesos under 1300- och 1200-talet. f. Kr. Eolerna och jonerna f\u00f6regick tydligen dorierna, som migrerade in i Grekland f\u00f6re 1000 f.Kr. Jonierna, som flyttade tillbaka, kanske som flyktingar eller som er\u00f6vrare, bosatte sig p\u00e5 de joniska \u00f6arna och kusterna i Mindre Asien, som blev en del av den grekiska v\u00e4rlden.<\/p>\n<p>Efter den doriska invasionen utvecklade folken i Grekland, under inflytande av geografisk uppdelning och i f\u00f6rh\u00e5llande till den stora variationen av stammar, stadsstaten, sm\u00e5 bos\u00e4ttningar som v\u00e4xte till mindre kungad\u00f6men.<\/p>\n<p><img loading=\"lazy\" decoding=\"async\" class=\"alignleft size-medium wp-image-207\" src=\"https:\/\/www.antikensgrekland.se\/wp-content\/uploads\/2023\/09\/antiken1-300x214.jpg\" alt=\"antiken1\" width=\"300\" height=\"214\" srcset=\"https:\/\/www.antikensgrekland.se\/wp-content\/uploads\/2023\/09\/antiken1-300x214.jpg 300w, https:\/\/www.antikensgrekland.se\/wp-content\/uploads\/2023\/09\/antiken1.jpg 380w\" sizes=\"auto, (max-width: 300px) 100vw, 300px\" \/>Homeriska Grekland (uppkallat efter den store episke poeten Homer) var baserat p\u00e5 jordbruk i relativt improduktiva omr\u00e5den, men det var redan \u00f6ppet mot havet. \u00c4ven om grekerna inte konkurrerade som sj\u00f6m\u00e4n med fenicierna, karthagerna och romarna, erbj\u00f6d havet dem en m\u00f6jlighet till expansion och handel. Under 8-, 7- och 600-talet f.Kr. grundade grekerna viktiga kolonier, av vilka m\u00e5nga blev autonoma stadsstater, med b\u00f6rjan fr\u00e5n Svarta havet och Bosporen (Byzantium, d\u00e4r den grundades) uppe p\u00e5 Sicilien, s\u00f6dra Italien ( Magna Graecia), Medelhavets Frankrike, Afrikas och Spaniens norra kuster. Dessa kolonier hade ett stort inflytande p\u00e5 historien om det grekiska fastlandet, d\u00e4r stadsstaterna k\u00e4mpade f\u00f6r befrielse. P\u00e5 grund av sin sj\u00e4lvst\u00e4ndighet utvecklades st\u00e4derna separat.<\/p>\n<p>Det fanns dock ett allm\u00e4nt utvecklingsm\u00f6nster, med n\u00f6dv\u00e4ndiga f\u00f6r\u00e4ndringar. Monarkier \u00f6verf\u00f6rdes till aristokratier, som i sin tur ersattes av tyranner, som vanligtvis fick makt genom att f\u00f6rsvara de underprivilegierades sak och anv\u00e4nda v\u00e5ld.<\/p>\n<p><img loading=\"lazy\" decoding=\"async\" class=\"alignleft size-medium wp-image-208\" src=\"https:\/\/www.antikensgrekland.se\/wp-content\/uploads\/2023\/09\/Antikens-Grekland12-300x236.jpg\" alt=\"Antikens-Grekland12\" width=\"300\" height=\"236\" srcset=\"https:\/\/www.antikensgrekland.se\/wp-content\/uploads\/2023\/09\/Antikens-Grekland12-300x236.jpg 300w, https:\/\/www.antikensgrekland.se\/wp-content\/uploads\/2023\/09\/Antikens-Grekland12.jpg 328w\" sizes=\"auto, (max-width: 300px) 100vw, 300px\" \/>\u00c4ven om tyrannerna vanligtvis f\u00f6rs\u00f6kte uppr\u00e4tta dynastier, har deras familjer alltid haft kortlivade. Pisistratus, Hipparchus och Hippias i Aten, Gelo, Dionysius den \u00e4ldre och Dionysius den yngre p\u00e5 Sicilien var typiska tyranner.<\/p>\n<p>Grekiskt tyranni p\u00e5 kontinenten kommer snart att ha gett vika f\u00f6r demokratier, oligarkier eller begr\u00e4nsat av det l\u00e5ga medborgarskapet och slaveriet. Det var i Grekland som id\u00e9n om politisk demokrati var l\u00e4tt.<\/p>\n<p>Stadsstatens konflikter hade en k\u00e4nsla av enhet, alla deras medborgare ans\u00e5g sig vara hellener, och religi\u00f6s enhet gav upphov till legeringar k\u00e4nda som Amphictyon, s\u00e4rskilt Amphictyon, det stora centrumet i Delfi (Amphictyon var en sammanslutning av angr\u00e4nsande st\u00e4der, sammanl\u00e4nkade genom en gemensam gudstj\u00e4nst vid sj\u00e4lva helgedomen f\u00f6r vilken du samlade in pengarna f\u00f6r religi\u00f6sa ceremonier. Senare i f\u00f6rsamlingarna i Amphictyon diskuteras, liksom om religion, inklusive ekonomiska angel\u00e4genheter, handel och politiska intressen gemensamt. Slutligen den ursprungliga heliga betydelsen f\u00f6rsvann helt och Amphictyon f\u00f6rvandlades till en politisk-milit\u00e4r allians). Firandet av t\u00e4vlingar som de olympiska spelen fr\u00e4mjade ocks\u00e5 enighet.<\/p>\n<p>De joniska st\u00e4derna i Mindre Asien fick dock lite hj\u00e4lp av Grekland n\u00e4r de gjorde uppror (499 f.Kr.) mot Persien, vilket ocks\u00e5 hotade det grekiska fastlandet, medan fastlandsst\u00e4derna var d\u00e5ligt f\u00f6renade i Persiska krigen som fortsatte fram till 449 f.Kr.<\/p>\n<p>Framg\u00e5ngar i dessa krig, var dock den grekiska civilisationens kraftfulla impuls. I synnerhet Aten, med st\u00f6d av Delian League som bas f\u00f6r imperiet, v\u00e4xte dramatiskt, och Perikles tid (495-429 f.Kr.) utvecklade en kultur som skulle ha satt sina sp\u00e5r i de v\u00e4sterl\u00e4ndska och \u00f6stliga civilisationerna. Drama, poesi, skulptur, arkitektur och filosofi blomstrade, tillsammans med ett kraftfullt intellektuellt liv.<\/p>\n<p><img loading=\"lazy\" decoding=\"async\" class=\"alignleft size-medium wp-image-158\" src=\"https:\/\/www.antikensgrekland.se\/wp-content\/uploads\/2023\/05\/anaxagoras-1-300x300.jpg\" alt=\"anaxagoras\" width=\"300\" height=\"300\" srcset=\"https:\/\/www.antikensgrekland.se\/wp-content\/uploads\/2023\/05\/anaxagoras-1-300x300.jpg 300w, https:\/\/www.antikensgrekland.se\/wp-content\/uploads\/2023\/05\/anaxagoras-1-150x150.jpg 150w, https:\/\/www.antikensgrekland.se\/wp-content\/uploads\/2023\/05\/anaxagoras-1.jpg 554w\" sizes=\"auto, (max-width: 300px) 100vw, 300px\" \/>Grekernas ledare och 4:e 500-talet f.Kr. inkluderade Aiskylos, Sofokles, Euripides, Aristofanes, Phidias, Myron, Polyklitus, Herakleitos, Sokrates, Platon, Aristoteles och Hippokrates. \u00c4ven om Aten dukade under i Peloponnesiska kriget (431-404 f.Kr.) och Sparta segrade en kort stund innan fortsatta strider gav hegemonin \u00f6ver Grekland till Korint och Thebe, s\u00e5 fortsatte civilisationen som hade skapat att leva. N\u00e4r Filip II av Makedonien attackerade de krigf\u00f6rande stadsstaterna och er\u00f6vrade Grekland genom att besegra atenarna och thebanerna i slaget vid Chaeronea (338 f.Kr.), skulle hans son, Alexander den store, snart sprida den grekiska civilisationen i v\u00e4stv\u00e4rlden, Asien och Indien . Efter Alexanders d\u00f6d slets hans imperium av hans generaler i den p\u00e5g\u00e5ende konflikten under perioden 323-276 f.Kr.<\/p>\n<p>Vissa grekiska st\u00e4der bildade League Aetolians f\u00f6r att mots\u00e4tta sig makedoniskt styre, men n\u00e5gra medlemmar av Achaean League tog parti med makedonierna. De grekiska stadsstaterna fortsatte sina rivaliteter, och Makedonien under Antigonidi blev helt helleniserat. Det fortsatta kriget i Grekland gjorde det allt svagare, medan Rom v\u00e4xte sig starkare. \u00c5r 146 f.Kr., efter det fj\u00e4rde makedonska kriget, f\u00f6ll resterna av de grekiska staterna definitivt i h\u00e4nderna p\u00e5 Rom. Under romerskt styre har st\u00e4derna l\u00e4nge uppr\u00e4tth\u00e5llit en viss sj\u00e4lvst\u00e4ndighet och brinnande intellektuellt liv, men haft liten politisk eller ekonomisk betydelse.<\/p>\n<p>Hellenismen hade emellertid segrat, och den grekiska intellektuella \u00f6verh\u00f6gheten fortsatte i m\u00e5nga \u00e5rhundraden. Det bysantinska riket var fullt av grekiskt ursprung, och den hellenistiska civilisationen, centrerad i Alexandria, Pergamum, Dura och andra st\u00e4der, spred grekiskt inflytande och bevarade det grekiska arvet under senare \u00e5rhundraden. Grekerna var de f\u00f6rsta som skrev ber\u00e4ttande sekul\u00e4r historia, och verken av Herodotos, Thukydides, Xenophon och Polybius var k\u00e4llorna till h\u00e4ndelser och samtida id\u00e9er, s\u00e5v\u00e4l som v\u00e4rldslitteraturens klassiker.<\/p>","protected":false},"excerpt":{"rendered":"<p>Antikens Grekland: Kultur, Historia och Samh\u00e4lle Antikens Grekland \u00e4r utan tvekan de mest fantastiska, efter att ha l\u00e4mnat efter sig en m\u00e4ngd id\u00e9er, koncept och konst f\u00f6r att utg\u00f6ra grunden f\u00f6r vad vi kallar v\u00e4sterl\u00e4ndsk civilisation. De tv\u00e5 f\u00f6reg\u00e5ende \u00e5rtusendena som ledde till dessa forntida epoker, liksom de andra tv\u00e5 \u00e5rtusenden som eftertr\u00e4dde dem, \u00e4r<br \/><a class=\"moretag\" href=\"https:\/\/www.antikensgrekland.se\/\">+ L\u00e4s Mer<\/a><\/p>\n","protected":false},"author":1,"featured_media":204,"parent":0,"menu_order":0,"comment_status":"closed","ping_status":"closed","template":"","meta":{"footnotes":""},"class_list":["post-203","page","type-page","status-publish","has-post-thumbnail","hentry"],"yoast_head":"<!-- This site is optimized with the Yoast SEO plugin v22.3 - https:\/\/yoast.com\/wordpress\/plugins\/seo\/ -->\n<title>Antikens Grekland: Kultur, Historia och Samh\u00e4lle<\/title>\n<meta name=\"description\" content=\"Antikens Grekland, historia, kultur och samh\u00e4lle och den grekiska antikens kulturella inverkan p\u00e5 v\u00e4rldshistorien, \u03bb\u00e4r dig om filosofi, konst, mytologi och mycket mer.\" \/>\n<meta name=\"robots\" content=\"index, follow, max-snippet:-1, max-image-preview:large, max-video-preview:-1\" \/>\n<link rel=\"canonical\" href=\"https:\/\/www.antikensgrekland.se\/\" \/>\n<meta property=\"og:locale\" content=\"sv_SE\" \/>\n<meta property=\"og:type\" content=\"article\" \/>\n<meta property=\"og:title\" content=\"Antikens Grekland: Kultur, Historia och Samh\u00e4lle\" \/>\n<meta property=\"og:description\" content=\"Antikens Grekland, historia, kultur och samh\u00e4lle och den grekiska antikens kulturella inverkan p\u00e5 v\u00e4rldshistorien, \u03bb\u00e4r dig om filosofi, konst, mytologi och mycket mer.\" \/>\n<meta property=\"og:url\" content=\"https:\/\/www.antikensgrekland.se\/\" \/>\n<meta property=\"og:site_name\" content=\"Antikens Grekland\" \/>\n<meta property=\"article:modified_time\" content=\"2023-09-01T08:39:43+00:00\" \/>\n<meta property=\"og:image\" content=\"https:\/\/www.antikensgrekland.se\/wp-content\/uploads\/2023\/09\/Antikens-Grekland.jpg\" \/>\n\t<meta property=\"og:image:width\" content=\"381\" \/>\n\t<meta property=\"og:image:height\" content=\"285\" \/>\n\t<meta property=\"og:image:type\" content=\"image\/jpeg\" \/>\n<meta name=\"twitter:card\" content=\"summary_large_image\" \/>\n<meta name=\"twitter:label1\" content=\"Ber\u00e4knad l\u00e4stid\" \/>\n\t<meta name=\"twitter:data1\" content=\"9 minuter\" \/>\n<script type=\"application\/ld+json\" class=\"yoast-schema-graph\">{\"@context\":\"https:\/\/schema.org\",\"@graph\":[{\"@type\":\"WebPage\",\"@id\":\"https:\/\/www.antikensgrekland.se\/\",\"url\":\"https:\/\/www.antikensgrekland.se\/\",\"name\":\"Antikens Grekland: Kultur, Historia och Samh\u00e4lle\",\"isPartOf\":{\"@id\":\"https:\/\/www.antikensgrekland.se\/#website\"},\"primaryImageOfPage\":{\"@id\":\"https:\/\/www.antikensgrekland.se\/#primaryimage\"},\"image\":{\"@id\":\"https:\/\/www.antikensgrekland.se\/#primaryimage\"},\"thumbnailUrl\":\"https:\/\/www.antikensgrekland.se\/wp-content\/uploads\/2023\/09\/Antikens-Grekland.jpg\",\"datePublished\":\"2023-09-01T08:39:41+00:00\",\"dateModified\":\"2023-09-01T08:39:43+00:00\",\"description\":\"Antikens Grekland, historia, kultur och samh\u00e4lle och den grekiska antikens kulturella inverkan p\u00e5 v\u00e4rldshistorien, \u03bb\u00e4r dig om filosofi, konst, mytologi och mycket mer.\",\"breadcrumb\":{\"@id\":\"https:\/\/www.antikensgrekland.se\/#breadcrumb\"},\"inLanguage\":\"sv-SE\",\"potentialAction\":[{\"@type\":\"ReadAction\",\"target\":[\"https:\/\/www.antikensgrekland.se\/\"]}]},{\"@type\":\"ImageObject\",\"inLanguage\":\"sv-SE\",\"@id\":\"https:\/\/www.antikensgrekland.se\/#primaryimage\",\"url\":\"https:\/\/www.antikensgrekland.se\/wp-content\/uploads\/2023\/09\/Antikens-Grekland.jpg\",\"contentUrl\":\"https:\/\/www.antikensgrekland.se\/wp-content\/uploads\/2023\/09\/Antikens-Grekland.jpg\",\"width\":381,\"height\":285,\"caption\":\"Antikens-Grekland\"},{\"@type\":\"BreadcrumbList\",\"@id\":\"https:\/\/www.antikensgrekland.se\/#breadcrumb\",\"itemListElement\":[{\"@type\":\"ListItem\",\"position\":1,\"name\":\"Startseite\",\"item\":\"https:\/\/www.antikensgrekland.se\/\"},{\"@type\":\"ListItem\",\"position\":2,\"name\":\"Antikens Grekland\"}]},{\"@type\":\"WebSite\",\"@id\":\"https:\/\/www.antikensgrekland.se\/#website\",\"url\":\"https:\/\/www.antikensgrekland.se\/\",\"name\":\"Antikens Grekland\",\"description\":\"Kultur, Historia och Samh\u00e4lle\",\"potentialAction\":[{\"@type\":\"SearchAction\",\"target\":{\"@type\":\"EntryPoint\",\"urlTemplate\":\"https:\/\/www.antikensgrekland.se\/?s={search_term_string}\"},\"query-input\":\"required name=search_term_string\"}],\"inLanguage\":\"sv-SE\"}]}<\/script>\n<!-- \/ Yoast SEO plugin. -->","yoast_head_json":{"title":"Antikens Grekland: Kultur, Historia och Samh\u00e4lle","description":"Antikens Grekland, historia, kultur och samh\u00e4lle och den grekiska antikens kulturella inverkan p\u00e5 v\u00e4rldshistorien, \u03bb\u00e4r dig om filosofi, konst, mytologi och mycket mer.","robots":{"index":"index","follow":"follow","max-snippet":"max-snippet:-1","max-image-preview":"max-image-preview:large","max-video-preview":"max-video-preview:-1"},"canonical":"https:\/\/www.antikensgrekland.se\/","og_locale":"sv_SE","og_type":"article","og_title":"Antikens Grekland: Kultur, Historia och Samh\u00e4lle","og_description":"Antikens Grekland, historia, kultur och samh\u00e4lle och den grekiska antikens kulturella inverkan p\u00e5 v\u00e4rldshistorien, \u03bb\u00e4r dig om filosofi, konst, mytologi och mycket mer.","og_url":"https:\/\/www.antikensgrekland.se\/","og_site_name":"Antikens Grekland","article_modified_time":"2023-09-01T08:39:43+00:00","og_image":[{"width":381,"height":285,"url":"https:\/\/www.antikensgrekland.se\/wp-content\/uploads\/2023\/09\/Antikens-Grekland.jpg","type":"image\/jpeg"}],"twitter_card":"summary_large_image","twitter_misc":{"Ber\u00e4knad l\u00e4stid":"9 minuter"},"schema":{"@context":"https:\/\/schema.org","@graph":[{"@type":"WebPage","@id":"https:\/\/www.antikensgrekland.se\/","url":"https:\/\/www.antikensgrekland.se\/","name":"Antikens Grekland: Kultur, Historia och Samh\u00e4lle","isPartOf":{"@id":"https:\/\/www.antikensgrekland.se\/#website"},"primaryImageOfPage":{"@id":"https:\/\/www.antikensgrekland.se\/#primaryimage"},"image":{"@id":"https:\/\/www.antikensgrekland.se\/#primaryimage"},"thumbnailUrl":"https:\/\/www.antikensgrekland.se\/wp-content\/uploads\/2023\/09\/Antikens-Grekland.jpg","datePublished":"2023-09-01T08:39:41+00:00","dateModified":"2023-09-01T08:39:43+00:00","description":"Antikens Grekland, historia, kultur och samh\u00e4lle och den grekiska antikens kulturella inverkan p\u00e5 v\u00e4rldshistorien, \u03bb\u00e4r dig om filosofi, konst, mytologi och mycket mer.","breadcrumb":{"@id":"https:\/\/www.antikensgrekland.se\/#breadcrumb"},"inLanguage":"sv-SE","potentialAction":[{"@type":"ReadAction","target":["https:\/\/www.antikensgrekland.se\/"]}]},{"@type":"ImageObject","inLanguage":"sv-SE","@id":"https:\/\/www.antikensgrekland.se\/#primaryimage","url":"https:\/\/www.antikensgrekland.se\/wp-content\/uploads\/2023\/09\/Antikens-Grekland.jpg","contentUrl":"https:\/\/www.antikensgrekland.se\/wp-content\/uploads\/2023\/09\/Antikens-Grekland.jpg","width":381,"height":285,"caption":"Antikens-Grekland"},{"@type":"BreadcrumbList","@id":"https:\/\/www.antikensgrekland.se\/#breadcrumb","itemListElement":[{"@type":"ListItem","position":1,"name":"Startseite","item":"https:\/\/www.antikensgrekland.se\/"},{"@type":"ListItem","position":2,"name":"Antikens Grekland"}]},{"@type":"WebSite","@id":"https:\/\/www.antikensgrekland.se\/#website","url":"https:\/\/www.antikensgrekland.se\/","name":"Antikens Grekland","description":"Kultur, Historia och Samh\u00e4lle","potentialAction":[{"@type":"SearchAction","target":{"@type":"EntryPoint","urlTemplate":"https:\/\/www.antikensgrekland.se\/?s={search_term_string}"},"query-input":"required name=search_term_string"}],"inLanguage":"sv-SE"}]}},"_links":{"self":[{"href":"https:\/\/www.antikensgrekland.se\/index.php\/wp-json\/wp\/v2\/pages\/203","targetHints":{"allow":["GET"]}}],"collection":[{"href":"https:\/\/www.antikensgrekland.se\/index.php\/wp-json\/wp\/v2\/pages"}],"about":[{"href":"https:\/\/www.antikensgrekland.se\/index.php\/wp-json\/wp\/v2\/types\/page"}],"author":[{"embeddable":true,"href":"https:\/\/www.antikensgrekland.se\/index.php\/wp-json\/wp\/v2\/users\/1"}],"replies":[{"embeddable":true,"href":"https:\/\/www.antikensgrekland.se\/index.php\/wp-json\/wp\/v2\/comments?post=203"}],"version-history":[{"count":1,"href":"https:\/\/www.antikensgrekland.se\/index.php\/wp-json\/wp\/v2\/pages\/203\/revisions"}],"predecessor-version":[{"id":209,"href":"https:\/\/www.antikensgrekland.se\/index.php\/wp-json\/wp\/v2\/pages\/203\/revisions\/209"}],"wp:featuredmedia":[{"embeddable":true,"href":"https:\/\/www.antikensgrekland.se\/index.php\/wp-json\/wp\/v2\/media\/204"}],"wp:attachment":[{"href":"https:\/\/www.antikensgrekland.se\/index.php\/wp-json\/wp\/v2\/media?parent=203"}],"curies":[{"name":"wp","href":"https:\/\/api.w.org\/{rel}","templated":true}]}}