{"id":174,"date":"2023-05-05T19:47:16","date_gmt":"2023-05-05T17:47:16","guid":{"rendered":"https:\/\/www.in2greece.com\/swedish\/historymyth\/history\/?page_id=97"},"modified":"2023-05-05T19:47:16","modified_gmt":"2023-05-05T17:47:16","slug":"myron-2","status":"publish","type":"page","link":"https:\/\/www.antikensgrekland.se\/myron.htm","title":{"rendered":"Myron"},"content":{"rendered":"\n<h2 class=\"wp-block-heading\">Myron grekisk skulpt\u00f6r<\/h2>\n\n\n<p><img loading=\"lazy\" decoding=\"async\" class=\"alignleft size-medium wp-image-98\" src=\"https:\/\/www.antikensgrekland.se\/wp-content\/uploads\/2023\/05\/myron-1-212x300.png\" alt=\"myron\" width=\"212\" height=\"300\" \/>Myron, (c. 480\u2013440 f.Kr.), grekisk skulpt\u00f6r, en \u00e4ldre samtida av skulpt\u00f6rerna Phidias och Polyclitus, av forntiden betraktad som en av de mest m\u00e5ngsidiga och innovativa av alla attiska skulpt\u00f6rer.<\/p>\n<p>Myron f\u00f6ddes i Eleutherae, en liten stad p\u00e5 gr\u00e4nsen mellan Attika och Bocotia, och bodde st\u00f6rre delen av sitt liv i Aten. F\u00f6rfattaren Plinius fr\u00e5n 1:a \u00e5rhundradet citerar Myron som den f\u00f6rste att uppn\u00e5 verklighetstrogen representation i konsten, men det skulle vara mer korrekt att s\u00e4ga att han var den f\u00f6rsta grekiska skulpt\u00f6ren som kombinerade r\u00f6relsebeh\u00e4rskning med en g\u00e5va f\u00f6r harmonisk komposition.<\/p>\n<p>Han arbetade n\u00e4stan uteslutande i brons och var mest k\u00e4nd f\u00f6r sina m\u00e5nga studier av idrottare i aktion. Av hans m\u00e5nga verk \u00f6verlever endast tv\u00e5 representationer positivt: gruppen Athena och Marsyas, som ursprungligen stod p\u00e5 Akropolis i Aten, och Discobolus (&#8221;Diskuskastaren&#8221;), b\u00e5da i marmorkopior gjorda under romartiden.<\/p>\n<p><br \/>Myron uppn\u00e5dde ber\u00f6mmelse p\u00e5 sin tid, endast j\u00e4mf\u00f6rbar med Polykleitos. Forntida kritiker ans\u00e5g att Myrons skicklighet bara l\u00e5g under full klassisk perfektion, medan tidiga kejserliga romerska f\u00f6rfattare konsekvent h\u00e4nvisar till Myron som en av de st\u00f6rsta grekiska skulpt\u00f6rerna, ett tecken p\u00e5 att hans samtida rykte f\u00f6rblev h\u00f6gt.<\/p>","protected":false},"excerpt":{"rendered":"<p>Myron grekisk skulpt\u00f6r Myron, (c. 480\u2013440 f.Kr.), grekisk skulpt\u00f6r, en \u00e4ldre samtida av skulpt\u00f6rerna Phidias och Polyclitus, av forntiden betraktad som en av de mest m\u00e5ngsidiga och innovativa av alla attiska skulpt\u00f6rer. Myron f\u00f6ddes i Eleutherae, en liten stad p\u00e5 gr\u00e4nsen mellan Attika och Bocotia, och bodde st\u00f6rre delen av sitt liv i Aten. F\u00f6rfattaren<br \/><a class=\"moretag\" href=\"https:\/\/www.antikensgrekland.se\/myron.htm\">+ L\u00e4s Mer<\/a><\/p>\n","protected":false},"author":1,"featured_media":100,"parent":0,"menu_order":0,"comment_status":"closed","ping_status":"closed","template":"","meta":{"footnotes":""},"class_list":["post-174","page","type-page","status-publish","has-post-thumbnail","hentry"],"yoast_head":"<!-- This site is optimized with the Yoast SEO plugin v22.3 - https:\/\/yoast.com\/wordpress\/plugins\/seo\/ -->\n<title>Myron<\/title>\n<meta name=\"description\" content=\"Myron, (c. 480\u2013440 f.Kr.), grekisk skulpt\u00f6r, en \u00e4ldre samtida av skulpt\u00f6rerna Phidias och Polyclitus, av forntiden betraktad som en av de mest m\u00e5ngsidiga och innovativa av alla attiska skulpt\u00f6rer.\" \/>\n<meta name=\"robots\" content=\"index, follow, max-snippet:-1, max-image-preview:large, max-video-preview:-1\" \/>\n<link rel=\"canonical\" href=\"https:\/\/www.antikensgrekland.se\/myron.htm\" \/>\n<meta property=\"og:locale\" content=\"sv_SE\" \/>\n<meta property=\"og:type\" content=\"article\" \/>\n<meta property=\"og:title\" content=\"Myron\" \/>\n<meta property=\"og:description\" content=\"Myron, (c. 480\u2013440 f.Kr.), grekisk skulpt\u00f6r, en \u00e4ldre samtida av skulpt\u00f6rerna Phidias och Polyclitus, av forntiden betraktad som en av de mest m\u00e5ngsidiga och innovativa av alla attiska skulpt\u00f6rer.\" \/>\n<meta property=\"og:url\" content=\"https:\/\/www.antikensgrekland.se\/myron.htm\" \/>\n<meta property=\"og:site_name\" content=\"Antikens Grekland\" \/>\n<meta property=\"og:image\" content=\"https:\/\/www.antikensgrekland.se\/wp-content\/uploads\/2023\/05\/myron-1.png\" \/>\n\t<meta property=\"og:image:width\" content=\"240\" \/>\n\t<meta property=\"og:image:height\" content=\"339\" \/>\n\t<meta property=\"og:image:type\" content=\"image\/png\" \/>\n<meta name=\"twitter:card\" content=\"summary_large_image\" \/>\n<meta name=\"twitter:label1\" content=\"Ber\u00e4knad l\u00e4stid\" \/>\n\t<meta name=\"twitter:data1\" content=\"2 minuter\" \/>\n<script type=\"application\/ld+json\" class=\"yoast-schema-graph\">{\"@context\":\"https:\/\/schema.org\",\"@graph\":[{\"@type\":\"WebPage\",\"@id\":\"https:\/\/www.antikensgrekland.se\/myron.htm\",\"url\":\"https:\/\/www.antikensgrekland.se\/myron.htm\",\"name\":\"Myron\",\"isPartOf\":{\"@id\":\"https:\/\/www.antikensgrekland.se\/#website\"},\"primaryImageOfPage\":{\"@id\":\"https:\/\/www.antikensgrekland.se\/myron.htm#primaryimage\"},\"image\":{\"@id\":\"https:\/\/www.antikensgrekland.se\/myron.htm#primaryimage\"},\"thumbnailUrl\":\"https:\/\/www.antikensgrekland.se\/wp-content\/uploads\/2023\/05\/myron-1.png\",\"datePublished\":\"2023-05-05T17:47:16+00:00\",\"dateModified\":\"2023-05-05T17:47:16+00:00\",\"description\":\"Myron, (c. 480\u2013440 f.Kr.), grekisk skulpt\u00f6r, en \u00e4ldre samtida av skulpt\u00f6rerna Phidias och Polyclitus, av forntiden betraktad som en av de mest m\u00e5ngsidiga och innovativa av alla attiska skulpt\u00f6rer.\",\"breadcrumb\":{\"@id\":\"https:\/\/www.antikensgrekland.se\/myron.htm#breadcrumb\"},\"inLanguage\":\"sv-SE\",\"potentialAction\":[{\"@type\":\"ReadAction\",\"target\":[\"https:\/\/www.antikensgrekland.se\/myron.htm\"]}]},{\"@type\":\"ImageObject\",\"inLanguage\":\"sv-SE\",\"@id\":\"https:\/\/www.antikensgrekland.se\/myron.htm#primaryimage\",\"url\":\"https:\/\/www.antikensgrekland.se\/wp-content\/uploads\/2023\/05\/myron-1.png\",\"contentUrl\":\"https:\/\/www.antikensgrekland.se\/wp-content\/uploads\/2023\/05\/myron-1.png\",\"width\":240,\"height\":339,\"caption\":\"myron\"},{\"@type\":\"BreadcrumbList\",\"@id\":\"https:\/\/www.antikensgrekland.se\/myron.htm#breadcrumb\",\"itemListElement\":[{\"@type\":\"ListItem\",\"position\":1,\"name\":\"Startseite\",\"item\":\"https:\/\/www.antikensgrekland.se\/\"},{\"@type\":\"ListItem\",\"position\":2,\"name\":\"Myron\"}]},{\"@type\":\"WebSite\",\"@id\":\"https:\/\/www.antikensgrekland.se\/#website\",\"url\":\"https:\/\/www.antikensgrekland.se\/\",\"name\":\"Antikens Grekland\",\"description\":\"Kultur, Historia och Samh\u00e4lle\",\"potentialAction\":[{\"@type\":\"SearchAction\",\"target\":{\"@type\":\"EntryPoint\",\"urlTemplate\":\"https:\/\/www.antikensgrekland.se\/?s={search_term_string}\"},\"query-input\":\"required name=search_term_string\"}],\"inLanguage\":\"sv-SE\"}]}<\/script>\n<!-- \/ Yoast SEO plugin. -->","yoast_head_json":{"title":"Myron","description":"Myron, (c. 480\u2013440 f.Kr.), grekisk skulpt\u00f6r, en \u00e4ldre samtida av skulpt\u00f6rerna Phidias och Polyclitus, av forntiden betraktad som en av de mest m\u00e5ngsidiga och innovativa av alla attiska skulpt\u00f6rer.","robots":{"index":"index","follow":"follow","max-snippet":"max-snippet:-1","max-image-preview":"max-image-preview:large","max-video-preview":"max-video-preview:-1"},"canonical":"https:\/\/www.antikensgrekland.se\/myron.htm","og_locale":"sv_SE","og_type":"article","og_title":"Myron","og_description":"Myron, (c. 480\u2013440 f.Kr.), grekisk skulpt\u00f6r, en \u00e4ldre samtida av skulpt\u00f6rerna Phidias och Polyclitus, av forntiden betraktad som en av de mest m\u00e5ngsidiga och innovativa av alla attiska skulpt\u00f6rer.","og_url":"https:\/\/www.antikensgrekland.se\/myron.htm","og_site_name":"Antikens Grekland","og_image":[{"width":240,"height":339,"url":"https:\/\/www.antikensgrekland.se\/wp-content\/uploads\/2023\/05\/myron-1.png","type":"image\/png"}],"twitter_card":"summary_large_image","twitter_misc":{"Ber\u00e4knad l\u00e4stid":"2 minuter"},"schema":{"@context":"https:\/\/schema.org","@graph":[{"@type":"WebPage","@id":"https:\/\/www.antikensgrekland.se\/myron.htm","url":"https:\/\/www.antikensgrekland.se\/myron.htm","name":"Myron","isPartOf":{"@id":"https:\/\/www.antikensgrekland.se\/#website"},"primaryImageOfPage":{"@id":"https:\/\/www.antikensgrekland.se\/myron.htm#primaryimage"},"image":{"@id":"https:\/\/www.antikensgrekland.se\/myron.htm#primaryimage"},"thumbnailUrl":"https:\/\/www.antikensgrekland.se\/wp-content\/uploads\/2023\/05\/myron-1.png","datePublished":"2023-05-05T17:47:16+00:00","dateModified":"2023-05-05T17:47:16+00:00","description":"Myron, (c. 480\u2013440 f.Kr.), grekisk skulpt\u00f6r, en \u00e4ldre samtida av skulpt\u00f6rerna Phidias och Polyclitus, av forntiden betraktad som en av de mest m\u00e5ngsidiga och innovativa av alla attiska skulpt\u00f6rer.","breadcrumb":{"@id":"https:\/\/www.antikensgrekland.se\/myron.htm#breadcrumb"},"inLanguage":"sv-SE","potentialAction":[{"@type":"ReadAction","target":["https:\/\/www.antikensgrekland.se\/myron.htm"]}]},{"@type":"ImageObject","inLanguage":"sv-SE","@id":"https:\/\/www.antikensgrekland.se\/myron.htm#primaryimage","url":"https:\/\/www.antikensgrekland.se\/wp-content\/uploads\/2023\/05\/myron-1.png","contentUrl":"https:\/\/www.antikensgrekland.se\/wp-content\/uploads\/2023\/05\/myron-1.png","width":240,"height":339,"caption":"myron"},{"@type":"BreadcrumbList","@id":"https:\/\/www.antikensgrekland.se\/myron.htm#breadcrumb","itemListElement":[{"@type":"ListItem","position":1,"name":"Startseite","item":"https:\/\/www.antikensgrekland.se\/"},{"@type":"ListItem","position":2,"name":"Myron"}]},{"@type":"WebSite","@id":"https:\/\/www.antikensgrekland.se\/#website","url":"https:\/\/www.antikensgrekland.se\/","name":"Antikens Grekland","description":"Kultur, Historia och Samh\u00e4lle","potentialAction":[{"@type":"SearchAction","target":{"@type":"EntryPoint","urlTemplate":"https:\/\/www.antikensgrekland.se\/?s={search_term_string}"},"query-input":"required name=search_term_string"}],"inLanguage":"sv-SE"}]}},"_links":{"self":[{"href":"https:\/\/www.antikensgrekland.se\/index.php\/wp-json\/wp\/v2\/pages\/174","targetHints":{"allow":["GET"]}}],"collection":[{"href":"https:\/\/www.antikensgrekland.se\/index.php\/wp-json\/wp\/v2\/pages"}],"about":[{"href":"https:\/\/www.antikensgrekland.se\/index.php\/wp-json\/wp\/v2\/types\/page"}],"author":[{"embeddable":true,"href":"https:\/\/www.antikensgrekland.se\/index.php\/wp-json\/wp\/v2\/users\/1"}],"replies":[{"embeddable":true,"href":"https:\/\/www.antikensgrekland.se\/index.php\/wp-json\/wp\/v2\/comments?post=174"}],"version-history":[{"count":0,"href":"https:\/\/www.antikensgrekland.se\/index.php\/wp-json\/wp\/v2\/pages\/174\/revisions"}],"wp:featuredmedia":[{"embeddable":true,"href":"https:\/\/www.antikensgrekland.se\/index.php\/wp-json\/wp\/v2\/media\/100"}],"wp:attachment":[{"href":"https:\/\/www.antikensgrekland.se\/index.php\/wp-json\/wp\/v2\/media?parent=174"}],"curies":[{"name":"wp","href":"https:\/\/api.w.org\/{rel}","templated":true}]}}