{"id":107,"date":"2023-05-05T20:25:55","date_gmt":"2023-05-05T18:25:55","guid":{"rendered":"https:\/\/www.in2greece.com\/swedish\/historymyth\/history\/?page_id=107"},"modified":"2023-05-05T20:25:55","modified_gmt":"2023-05-05T18:25:55","slug":"anakreon","status":"publish","type":"page","link":"https:\/\/www.antikensgrekland.se\/anakreon.htm","title":{"rendered":"Anakreon"},"content":{"rendered":"\n<h2 class=\"wp-block-heading\">Vem var Anakreon<\/h2>\n\n\n<p><img loading=\"lazy\" decoding=\"async\" class=\"alignleft size-medium wp-image-108\" src=\"https:\/\/www.antikensgrekland.se\/wp-content\/uploads\/2023\/05\/anacreon-1-233x300.jpg\" alt=\"anacreon\" width=\"233\" height=\"300\" srcset=\"https:\/\/www.antikensgrekland.se\/wp-content\/uploads\/2023\/05\/anacreon-1-233x300.jpg 233w, https:\/\/www.antikensgrekland.se\/wp-content\/uploads\/2023\/05\/anacreon-1.jpg 343w\" sizes=\"auto, (max-width: 233px) 100vw, 233px\" \/>Anakreon, var en grekisk lyrisk poet, f\u00f6dd i Teos i Jonien, nu Sighalik i Turkiet, omkring 582 f.Kr. Efter att perserna intagit Sardes \u00e5r 541 f. Kr. flydde han till Abdera i Thrakien. Senare bj\u00f6d Samos tyrannen, Polykrates, in honom att undervisa sin son i musik och poesi och han blev en poetisk ledare f\u00f6r Samos hov. I geng\u00e4ld f\u00f6r sitt beskydd och beskydd skrev Anakreon m\u00e5nga komplimenterande oder om tyrannen. Enligt John Addison, som skrev 1735, fick Anakreon en g\u00e5ng en skatt med fem guldtalanger fr\u00e5n Polykrates och kunde inte sova tv\u00e5 n\u00e4tter i rad. Han l\u00e4mnade sedan tillbaka den till sin beskyddare och sa: &#8221;Hur mycket summan \u00e4n \u00e4r, \u00e4r det inte lika pris f\u00f6r besv\u00e4ret att beh\u00e5lla det&#8221;.<\/p>\n<p>Efter mordet p\u00e5 Polykrates \u00e5r 522 f.Kr., bj\u00f6ds Anakreon till Aten av Hipparchus, bror till den regerande atenske tyrannen Hippias, som skickade en femtio roddgal\u00e4r f\u00f6r att f\u00f6ra honom \u00f6ver \u00c6gean. D\u00e4r blev han bekant med poeten Simonides och andra medlemmar av den lysande krets som hade samlats kring Hipparchus. Efter mordet p\u00e5 Hipparchus 514 f.Kr. han flyttade till Thessalien f\u00f6r en kort period, men snart \u00e5terv\u00e4nde han till Aten (vid det skedet en demokrati) d\u00e4r han tydligen fick f\u00f6rl\u00e5telse f\u00f6r sin tidigare v\u00e4nskap med tyrannerna. Han bosatte sig slutligen i Abdera och dog i det \u00e5ttiofemte \u00e5ret av sin \u00e5lder, kv\u00e4vd (enligt en anekdot av Plinius den \u00e4ldre) av en druvsten som han svalde i ett fat nytt vin.<\/p>\n<p>Under m\u00e5nga \u00e5r var Anakreon popul\u00e4r i Aten, d\u00e4r hans staty var att se p\u00e5 Akropolis, tillsammans med den av hans v\u00e4n Xanthippus, far till Perikles. Enligt Pausanias framst\u00e4ller den statyn honom som berusad. P\u00e5 flera mynt fr\u00e5n Teos \u00e4r han representerad med en lyra i handen, ibland sittande, ibland st\u00e5ende. En marmorstaty som hittades 1835 i Sabine-distriktet, och nu i Galleria Borghese, s\u00e4gs representera Anakreon.<\/p>","protected":false},"excerpt":{"rendered":"<p>Vem var Anakreon Anakreon, var en grekisk lyrisk poet, f\u00f6dd i Teos i Jonien, nu Sighalik i Turkiet, omkring 582 f.Kr. Efter att perserna intagit Sardes \u00e5r 541 f. Kr. flydde han till Abdera i Thrakien. Senare bj\u00f6d Samos tyrannen, Polykrates, in honom att undervisa sin son i musik och poesi och han blev en<br \/><a class=\"moretag\" href=\"https:\/\/www.antikensgrekland.se\/anakreon.htm\">+ L\u00e4s Mer<\/a><\/p>\n","protected":false},"author":1,"featured_media":108,"parent":0,"menu_order":0,"comment_status":"closed","ping_status":"closed","template":"","meta":{"footnotes":""},"class_list":["post-107","page","type-page","status-publish","has-post-thumbnail","hentry"],"yoast_head":"<!-- This site is optimized with the Yoast SEO plugin v22.3 - https:\/\/yoast.com\/wordpress\/plugins\/seo\/ -->\n<title>Anakreon<\/title>\n<meta name=\"description\" content=\"Anakreon, var en grekisk lyrisk poet, f\u00f6dd i Teos i Jonien, nu Sighalik i Turkiet, omkring 582 f.Kr. Efter att perserna intagit Sardes \u00e5r 541 f. Kr. flydde han till Abdera i Thrakien.\" \/>\n<meta name=\"robots\" content=\"index, follow, max-snippet:-1, max-image-preview:large, max-video-preview:-1\" \/>\n<link rel=\"canonical\" href=\"https:\/\/www.antikensgrekland.se\/anakreon.htm\" \/>\n<meta property=\"og:locale\" content=\"sv_SE\" \/>\n<meta property=\"og:type\" content=\"article\" \/>\n<meta property=\"og:title\" content=\"Anakreon\" \/>\n<meta property=\"og:description\" content=\"Anakreon, var en grekisk lyrisk poet, f\u00f6dd i Teos i Jonien, nu Sighalik i Turkiet, omkring 582 f.Kr. Efter att perserna intagit Sardes \u00e5r 541 f. Kr. flydde han till Abdera i Thrakien.\" \/>\n<meta property=\"og:url\" content=\"https:\/\/www.antikensgrekland.se\/anakreon.htm\" \/>\n<meta property=\"og:site_name\" content=\"Antikens Grekland\" \/>\n<meta property=\"og:image\" content=\"https:\/\/www.antikensgrekland.se\/wp-content\/uploads\/2023\/05\/anacreon-1.jpg\" \/>\n\t<meta property=\"og:image:width\" content=\"343\" \/>\n\t<meta property=\"og:image:height\" content=\"442\" \/>\n\t<meta property=\"og:image:type\" content=\"image\/jpeg\" \/>\n<meta name=\"twitter:card\" content=\"summary_large_image\" \/>\n<meta name=\"twitter:label1\" content=\"Ber\u00e4knad l\u00e4stid\" \/>\n\t<meta name=\"twitter:data1\" content=\"2 minuter\" \/>\n<script type=\"application\/ld+json\" class=\"yoast-schema-graph\">{\"@context\":\"https:\/\/schema.org\",\"@graph\":[{\"@type\":\"WebPage\",\"@id\":\"https:\/\/www.antikensgrekland.se\/anakreon.htm\",\"url\":\"https:\/\/www.antikensgrekland.se\/anakreon.htm\",\"name\":\"Anakreon\",\"isPartOf\":{\"@id\":\"https:\/\/www.antikensgrekland.se\/#website\"},\"primaryImageOfPage\":{\"@id\":\"https:\/\/www.antikensgrekland.se\/anakreon.htm#primaryimage\"},\"image\":{\"@id\":\"https:\/\/www.antikensgrekland.se\/anakreon.htm#primaryimage\"},\"thumbnailUrl\":\"https:\/\/www.antikensgrekland.se\/wp-content\/uploads\/2023\/05\/anacreon-1.jpg\",\"datePublished\":\"2023-05-05T18:25:55+00:00\",\"dateModified\":\"2023-05-05T18:25:55+00:00\",\"description\":\"Anakreon, var en grekisk lyrisk poet, f\u00f6dd i Teos i Jonien, nu Sighalik i Turkiet, omkring 582 f.Kr. Efter att perserna intagit Sardes \u00e5r 541 f. Kr. flydde han till Abdera i Thrakien.\",\"breadcrumb\":{\"@id\":\"https:\/\/www.antikensgrekland.se\/anakreon.htm#breadcrumb\"},\"inLanguage\":\"sv-SE\",\"potentialAction\":[{\"@type\":\"ReadAction\",\"target\":[\"https:\/\/www.antikensgrekland.se\/anakreon.htm\"]}]},{\"@type\":\"ImageObject\",\"inLanguage\":\"sv-SE\",\"@id\":\"https:\/\/www.antikensgrekland.se\/anakreon.htm#primaryimage\",\"url\":\"https:\/\/www.antikensgrekland.se\/wp-content\/uploads\/2023\/05\/anacreon-1.jpg\",\"contentUrl\":\"https:\/\/www.antikensgrekland.se\/wp-content\/uploads\/2023\/05\/anacreon-1.jpg\",\"width\":343,\"height\":442,\"caption\":\"anacreon\"},{\"@type\":\"BreadcrumbList\",\"@id\":\"https:\/\/www.antikensgrekland.se\/anakreon.htm#breadcrumb\",\"itemListElement\":[{\"@type\":\"ListItem\",\"position\":1,\"name\":\"Startseite\",\"item\":\"https:\/\/www.antikensgrekland.se\/\"},{\"@type\":\"ListItem\",\"position\":2,\"name\":\"Anakreon\"}]},{\"@type\":\"WebSite\",\"@id\":\"https:\/\/www.antikensgrekland.se\/#website\",\"url\":\"https:\/\/www.antikensgrekland.se\/\",\"name\":\"Antikens Grekland\",\"description\":\"Kultur, Historia och Samh\u00e4lle\",\"potentialAction\":[{\"@type\":\"SearchAction\",\"target\":{\"@type\":\"EntryPoint\",\"urlTemplate\":\"https:\/\/www.antikensgrekland.se\/?s={search_term_string}\"},\"query-input\":\"required name=search_term_string\"}],\"inLanguage\":\"sv-SE\"}]}<\/script>\n<!-- \/ Yoast SEO plugin. -->","yoast_head_json":{"title":"Anakreon","description":"Anakreon, var en grekisk lyrisk poet, f\u00f6dd i Teos i Jonien, nu Sighalik i Turkiet, omkring 582 f.Kr. Efter att perserna intagit Sardes \u00e5r 541 f. Kr. flydde han till Abdera i Thrakien.","robots":{"index":"index","follow":"follow","max-snippet":"max-snippet:-1","max-image-preview":"max-image-preview:large","max-video-preview":"max-video-preview:-1"},"canonical":"https:\/\/www.antikensgrekland.se\/anakreon.htm","og_locale":"sv_SE","og_type":"article","og_title":"Anakreon","og_description":"Anakreon, var en grekisk lyrisk poet, f\u00f6dd i Teos i Jonien, nu Sighalik i Turkiet, omkring 582 f.Kr. Efter att perserna intagit Sardes \u00e5r 541 f. Kr. flydde han till Abdera i Thrakien.","og_url":"https:\/\/www.antikensgrekland.se\/anakreon.htm","og_site_name":"Antikens Grekland","og_image":[{"width":343,"height":442,"url":"https:\/\/www.antikensgrekland.se\/wp-content\/uploads\/2023\/05\/anacreon-1.jpg","type":"image\/jpeg"}],"twitter_card":"summary_large_image","twitter_misc":{"Ber\u00e4knad l\u00e4stid":"2 minuter"},"schema":{"@context":"https:\/\/schema.org","@graph":[{"@type":"WebPage","@id":"https:\/\/www.antikensgrekland.se\/anakreon.htm","url":"https:\/\/www.antikensgrekland.se\/anakreon.htm","name":"Anakreon","isPartOf":{"@id":"https:\/\/www.antikensgrekland.se\/#website"},"primaryImageOfPage":{"@id":"https:\/\/www.antikensgrekland.se\/anakreon.htm#primaryimage"},"image":{"@id":"https:\/\/www.antikensgrekland.se\/anakreon.htm#primaryimage"},"thumbnailUrl":"https:\/\/www.antikensgrekland.se\/wp-content\/uploads\/2023\/05\/anacreon-1.jpg","datePublished":"2023-05-05T18:25:55+00:00","dateModified":"2023-05-05T18:25:55+00:00","description":"Anakreon, var en grekisk lyrisk poet, f\u00f6dd i Teos i Jonien, nu Sighalik i Turkiet, omkring 582 f.Kr. Efter att perserna intagit Sardes \u00e5r 541 f. Kr. flydde han till Abdera i Thrakien.","breadcrumb":{"@id":"https:\/\/www.antikensgrekland.se\/anakreon.htm#breadcrumb"},"inLanguage":"sv-SE","potentialAction":[{"@type":"ReadAction","target":["https:\/\/www.antikensgrekland.se\/anakreon.htm"]}]},{"@type":"ImageObject","inLanguage":"sv-SE","@id":"https:\/\/www.antikensgrekland.se\/anakreon.htm#primaryimage","url":"https:\/\/www.antikensgrekland.se\/wp-content\/uploads\/2023\/05\/anacreon-1.jpg","contentUrl":"https:\/\/www.antikensgrekland.se\/wp-content\/uploads\/2023\/05\/anacreon-1.jpg","width":343,"height":442,"caption":"anacreon"},{"@type":"BreadcrumbList","@id":"https:\/\/www.antikensgrekland.se\/anakreon.htm#breadcrumb","itemListElement":[{"@type":"ListItem","position":1,"name":"Startseite","item":"https:\/\/www.antikensgrekland.se\/"},{"@type":"ListItem","position":2,"name":"Anakreon"}]},{"@type":"WebSite","@id":"https:\/\/www.antikensgrekland.se\/#website","url":"https:\/\/www.antikensgrekland.se\/","name":"Antikens Grekland","description":"Kultur, Historia och Samh\u00e4lle","potentialAction":[{"@type":"SearchAction","target":{"@type":"EntryPoint","urlTemplate":"https:\/\/www.antikensgrekland.se\/?s={search_term_string}"},"query-input":"required name=search_term_string"}],"inLanguage":"sv-SE"}]}},"_links":{"self":[{"href":"https:\/\/www.antikensgrekland.se\/index.php\/wp-json\/wp\/v2\/pages\/107","targetHints":{"allow":["GET"]}}],"collection":[{"href":"https:\/\/www.antikensgrekland.se\/index.php\/wp-json\/wp\/v2\/pages"}],"about":[{"href":"https:\/\/www.antikensgrekland.se\/index.php\/wp-json\/wp\/v2\/types\/page"}],"author":[{"embeddable":true,"href":"https:\/\/www.antikensgrekland.se\/index.php\/wp-json\/wp\/v2\/users\/1"}],"replies":[{"embeddable":true,"href":"https:\/\/www.antikensgrekland.se\/index.php\/wp-json\/wp\/v2\/comments?post=107"}],"version-history":[{"count":0,"href":"https:\/\/www.antikensgrekland.se\/index.php\/wp-json\/wp\/v2\/pages\/107\/revisions"}],"wp:featuredmedia":[{"embeddable":true,"href":"https:\/\/www.antikensgrekland.se\/index.php\/wp-json\/wp\/v2\/media\/108"}],"wp:attachment":[{"href":"https:\/\/www.antikensgrekland.se\/index.php\/wp-json\/wp\/v2\/media?parent=107"}],"curies":[{"name":"wp","href":"https:\/\/api.w.org\/{rel}","templated":true}]}}